{"id":306,"date":"2022-04-25T15:57:28","date_gmt":"2022-04-25T15:57:28","guid":{"rendered":"http:\/\/flyok.cz.uvds32.active24.cz\/suggestions\/"},"modified":"2022-05-02T12:37:32","modified_gmt":"2022-05-02T12:37:32","slug":"suggestions","status":"publish","type":"page","link":"https:\/\/www.flyok365.cz\/en\/suggestions\/","title":{"rendered":"Suggestions"},"content":{"rendered":"\t\t<div data-elementor-type=\"wp-page\" data-elementor-id=\"306\" class=\"elementor elementor-306 elementor-147\">\n\t\t\t\t\t\t\t\t\t<section class=\"elementor-section elementor-top-section elementor-element elementor-element-61a738be elementor-section-boxed elementor-section-height-default elementor-section-height-default\" data-id=\"61a738be\" data-element_type=\"section\">\n\t\t\t\t\t\t<div class=\"elementor-container elementor-column-gap-no\">\n\t\t\t\t\t<div class=\"elementor-column elementor-col-100 elementor-top-column elementor-element elementor-element-60aeaae0\" data-id=\"60aeaae0\" data-element_type=\"column\">\n\t\t\t<div class=\"elementor-widget-wrap elementor-element-populated\">\n\t\t\t\t\t\t\t\t<div class=\"elementor-element elementor-element-7067ac4c elementor-widget elementor-widget-text-editor\" data-id=\"7067ac4c\" data-element_type=\"widget\" data-widget_type=\"text-editor.default\">\n\t\t\t\t<div class=\"elementor-widget-container\">\n\t\t\t<style>\/*! elementor - v3.6.5 - 27-04-2022 *\/\n.elementor-widget-text-editor.elementor-drop-cap-view-stacked .elementor-drop-cap{background-color:#818a91;color:#fff}.elementor-widget-text-editor.elementor-drop-cap-view-framed .elementor-drop-cap{color:#818a91;border:3px solid;background-color:transparent}.elementor-widget-text-editor:not(.elementor-drop-cap-view-default) .elementor-drop-cap{margin-top:8px}.elementor-widget-text-editor:not(.elementor-drop-cap-view-default) .elementor-drop-cap-letter{width:1em;height:1em}.elementor-widget-text-editor .elementor-drop-cap{float:left;text-align:center;line-height:1;font-size:50px}.elementor-widget-text-editor .elementor-drop-cap-letter{display:inline-block}<\/style>\t\t\t\t<p>Write to us where you would like to travel from regional airports, from \u010cesk\u00e9 Bud\u011bjovice, Karlovy Vary, Brno, Ostrava, or Pardubice.<\/p>\t\t\t\t\t\t<\/div>\n\t\t\t\t<\/div>\n\t\t\t\t<section class=\"elementor-section elementor-inner-section elementor-element elementor-element-304d721d elementor-section-boxed elementor-section-height-default elementor-section-height-default\" data-id=\"304d721d\" data-element_type=\"section\">\n\t\t\t\t\t\t<div class=\"elementor-container elementor-column-gap-no\">\n\t\t\t\t\t<div class=\"elementor-column elementor-col-100 elementor-inner-column elementor-element elementor-element-577c1f27\" data-id=\"577c1f27\" data-element_type=\"column\">\n\t\t\t<div class=\"elementor-widget-wrap elementor-element-populated\">\n\t\t\t\t\t\t\t\t<div class=\"elementor-element elementor-element-6c5f8e8b elementor-widget elementor-widget-text-editor\" data-id=\"6c5f8e8b\" data-element_type=\"widget\" data-widget_type=\"text-editor.default\">\n\t\t\t\t<div class=\"elementor-widget-container\">\n\t\t\t\t\t\t\t<p>Your wishes are our driving force.<\/p><p> <\/p><p>Write us about which air transport options you prefer and to which destination.<\/p>\t\t\t\t\t\t<\/div>\n\t\t\t\t<\/div>\n\t\t\t\t\t<\/div>\n\t\t<\/div>\n\t\t\t\t\t\t\t<\/div>\n\t\t<\/section>\n\t\t\t\t\t<\/div>\n\t\t<\/div>\n\t\t\t\t\t\t\t<\/div>\n\t\t<\/section>\n\t\t\t\t\t\t\t<\/div>\n\t\t","protected":false},"excerpt":{"rendered":"<p>Write to us where you would like to travel from regional airports, from \u010cesk\u00e9 Bud\u011bjovice, Karlovy Vary, Brno, Ostrava, or Pardubice. Your wishes are our driving force. Write us about which air transport options you prefer and to which destination.<\/p>\n","protected":false},"author":1,"featured_media":0,"parent":0,"menu_order":0,"comment_status":"closed","ping_status":"closed","template":"","meta":{"footnotes":""},"class_list":["post-306","page","type-page","status-publish","hentry"],"_links":{"self":[{"href":"https:\/\/www.flyok365.cz\/en\/wp-json\/wp\/v2\/pages\/306","targetHints":{"allow":["GET"]}}],"collection":[{"href":"https:\/\/www.flyok365.cz\/en\/wp-json\/wp\/v2\/pages"}],"about":[{"href":"https:\/\/www.flyok365.cz\/en\/wp-json\/wp\/v2\/types\/page"}],"author":[{"embeddable":true,"href":"https:\/\/www.flyok365.cz\/en\/wp-json\/wp\/v2\/users\/1"}],"replies":[{"embeddable":true,"href":"https:\/\/www.flyok365.cz\/en\/wp-json\/wp\/v2\/comments?post=306"}],"version-history":[{"count":1,"href":"https:\/\/www.flyok365.cz\/en\/wp-json\/wp\/v2\/pages\/306\/revisions"}],"predecessor-version":[{"id":307,"href":"https:\/\/www.flyok365.cz\/en\/wp-json\/wp\/v2\/pages\/306\/revisions\/307"}],"wp:attachment":[{"href":"https:\/\/www.flyok365.cz\/en\/wp-json\/wp\/v2\/media?parent=306"}],"curies":[{"name":"wp","href":"https:\/\/api.w.org\/{rel}","templated":true}]}}